{"id":2040,"date":"2022-07-04T09:30:09","date_gmt":"2022-07-04T07:30:09","guid":{"rendered":"http:\/\/xbgnygylyr.cyon.link\/?page_id=2040"},"modified":"2026-01-26T10:54:41","modified_gmt":"2026-01-26T09:54:41","slug":"mentions-legales","status":"publish","type":"page","link":"https:\/\/mycard-manor.ch\/fr\/mentions-legales\/","title":{"rendered":"Mentions l\u00e9gales"},"content":{"rendered":"\n<p><strong><strong>Edition<\/strong><\/strong><br>Viseca Card Services SA<br>Hagenholzstrasse 56<br>8050 Zurich<br>T\u00e9l\u00e9phone +41 58 958 82 00<br>Fax +41 58 958 82 01<br>E-Mail<br><a href=\"https:\/\/www.viseca.ch\/fr\/service-clientele\/contact\/autres-requetes\" target=\"_blank\" rel=\"noreferrer noopener\">Formulaire de contact<\/a><\/p>\n\n\n\n<p><strong><strong>Responsabilit\u00e9<\/strong><\/strong><br>Viseca Marketing Communications<\/p>\n\n\n\n<p><strong><strong>Conception et design<\/strong><\/strong><br>tnt-graphics AG<br><a href=\"https:\/\/www.tnt-graphics.ch\">www.tnt-graphics.ch<\/a><\/p>\n\n\n\n<p><strong><strong>Programmation<\/strong><\/strong><br>tnt-graphics AG<br><a href=\"https:\/\/www.tnt-graphics.ch\">www.tnt-graphics.ch<\/a><\/p>\n\n\n\n<p>\u00a9 2026 Viseca Card Services SA<br><a href=\"http:\/\/www.viseca.ch\" target=\"_blank\" rel=\"noreferrer noopener\">www.viseca.ch<\/a><\/p>\n","protected":false},"excerpt":{"rendered":"<p>EditionViseca Card Services SAHagenholzstrasse 568050 ZurichT\u00e9l\u00e9phone +41 58 958 82 00Fax +41 58 958 82 01E-MailFormulaire de contact Responsabilit\u00e9Viseca Marketing Communications Conception et designtnt-graphics AGwww.tnt-graphics.ch Programmationtnt-graphics AGwww.tnt-graphics.ch \u00a9 2026 Viseca [&hellip;]<\/p>\n","protected":false},"author":3,"featured_media":0,"parent":0,"menu_order":0,"comment_status":"closed","ping_status":"closed","template":"","meta":{"_acf_changed":false,"inline_featured_image":false,"footnotes":""},"class_list":["post-2040","page","type-page","status-publish","hentry"],"acf":[],"publishpress_future_action":{"enabled":false,"date":"2026-04-26 09:29:46","action":"change-status","newStatus":"draft","terms":[],"taxonomy":"translation_priority","extraData":[]},"publishpress_future_workflow_manual_trigger":{"enabledWorkflows":[]},"_links":{"self":[{"href":"https:\/\/mycard-manor.ch\/fr\/wp-json\/wp\/v2\/pages\/2040","targetHints":{"allow":["GET"]}}],"collection":[{"href":"https:\/\/mycard-manor.ch\/fr\/wp-json\/wp\/v2\/pages"}],"about":[{"href":"https:\/\/mycard-manor.ch\/fr\/wp-json\/wp\/v2\/types\/page"}],"author":[{"embeddable":true,"href":"https:\/\/mycard-manor.ch\/fr\/wp-json\/wp\/v2\/users\/3"}],"replies":[{"embeddable":true,"href":"https:\/\/mycard-manor.ch\/fr\/wp-json\/wp\/v2\/comments?post=2040"}],"version-history":[{"count":7,"href":"https:\/\/mycard-manor.ch\/fr\/wp-json\/wp\/v2\/pages\/2040\/revisions"}],"predecessor-version":[{"id":7199,"href":"https:\/\/mycard-manor.ch\/fr\/wp-json\/wp\/v2\/pages\/2040\/revisions\/7199"}],"wp:attachment":[{"href":"https:\/\/mycard-manor.ch\/fr\/wp-json\/wp\/v2\/media?parent=2040"}],"curies":[{"name":"wp","href":"https:\/\/api.w.org\/{rel}","templated":true}]}}