{"id":2059,"date":"2022-07-04T09:30:21","date_gmt":"2022-07-04T07:30:21","guid":{"rendered":"http:\/\/xbgnygylyr.cyon.link\/?page_id=2059"},"modified":"2026-01-30T13:45:48","modified_gmt":"2026-01-30T12:45:48","slug":"2059-2","status":"publish","type":"page","link":"https:\/\/mycard-manor.ch\/fr\/2059-2\/","title":{"rendered":"Contact"},"content":{"rendered":"\n<p><strong>Questions concernant votre Manor Mastercard<br><\/strong>Service client\u00e8le Viseca<br>Du lundi au vendredi de 08h00 \u00e0 17h30<br>T\u00e9l\u00e9phone +41 44 805 58 58<br>E-mail <a>manor@viseca.ch<\/a><\/p>\n\n\n\n<p><strong>Vous souhaitez bloquer votre carte<br>Centre de blocage (24\/7)<\/strong><br>T\u00e9l\u00e9phone +41 58 958 66 55<\/p>\n\n\n\n<p><strong>Adresse postale<br><\/strong>Viseca Card Services SA<br>Hagenholzstrasse 56<br>Case postale 7007<br>8050 Zurich<\/p>\n","protected":false},"excerpt":{"rendered":"<p>Questions concernant votre Manor MastercardService client\u00e8le VisecaDu lundi au vendredi de 08h00 \u00e0 17h30T\u00e9l\u00e9phone +41 44 805 58 58E-mail manor@viseca.ch Vous souhaitez bloquer votre carteCentre de blocage (24\/7)T\u00e9l\u00e9phone +41 58 [&hellip;]<\/p>\n","protected":false},"author":3,"featured_media":0,"parent":0,"menu_order":0,"comment_status":"closed","ping_status":"closed","template":"","meta":{"_acf_changed":false,"inline_featured_image":false,"footnotes":""},"class_list":["post-2059","page","type-page","status-publish","hentry"],"acf":[],"publishpress_future_action":{"enabled":false,"date":"2026-04-26 09:38:45","action":"change-status","newStatus":"draft","terms":[],"taxonomy":"translation_priority","extraData":[]},"publishpress_future_workflow_manual_trigger":{"enabledWorkflows":[]},"_links":{"self":[{"href":"https:\/\/mycard-manor.ch\/fr\/wp-json\/wp\/v2\/pages\/2059","targetHints":{"allow":["GET"]}}],"collection":[{"href":"https:\/\/mycard-manor.ch\/fr\/wp-json\/wp\/v2\/pages"}],"about":[{"href":"https:\/\/mycard-manor.ch\/fr\/wp-json\/wp\/v2\/types\/page"}],"author":[{"embeddable":true,"href":"https:\/\/mycard-manor.ch\/fr\/wp-json\/wp\/v2\/users\/3"}],"replies":[{"embeddable":true,"href":"https:\/\/mycard-manor.ch\/fr\/wp-json\/wp\/v2\/comments?post=2059"}],"version-history":[{"count":6,"href":"https:\/\/mycard-manor.ch\/fr\/wp-json\/wp\/v2\/pages\/2059\/revisions"}],"predecessor-version":[{"id":7208,"href":"https:\/\/mycard-manor.ch\/fr\/wp-json\/wp\/v2\/pages\/2059\/revisions\/7208"}],"wp:attachment":[{"href":"https:\/\/mycard-manor.ch\/fr\/wp-json\/wp\/v2\/media?parent=2059"}],"curies":[{"name":"wp","href":"https:\/\/api.w.org\/{rel}","templated":true}]}}